{"id":2008,"date":"2022-11-04T15:16:51","date_gmt":"2022-11-04T15:16:51","guid":{"rendered":"https:\/\/eastside-story.de\/?page_id=2008"},"modified":"2022-11-04T15:16:51","modified_gmt":"2022-11-04T15:16:51","slug":"allgemeine-geschaeftsbedingungen","status":"publish","type":"page","link":"https:\/\/eastside-story.de\/index.php\/allgemeine-geschaeftsbedingungen\/","title":{"rendered":"Allgemeine Gesch\u00e4ftsbedingungen"},"content":{"rendered":"<div class=\"fusion-fullwidth fullwidth-box fusion-builder-row-1 fusion-flex-container has-pattern-background has-mask-background nonhundred-percent-fullwidth non-hundred-percent-height-scrolling\" style=\"--awb-border-radius-top-left:0px;--awb-border-radius-top-right:0px;--awb-border-radius-bottom-right:0px;--awb-border-radius-bottom-left:0px;--awb-flex-wrap:wrap;\" ><div class=\"fusion-builder-row fusion-row fusion-flex-align-items-flex-start fusion-flex-content-wrap\" style=\"max-width:1216.8px;margin-left: calc(-4% \/ 2 );margin-right: calc(-4% \/ 2 );\"><div class=\"fusion-layout-column fusion_builder_column fusion-builder-column-0 fusion_builder_column_1_6 1_6 fusion-flex-column\" style=\"--awb-bg-size:cover;--awb-width-large:16.666666666667%;--awb-margin-top-large:0px;--awb-spacing-right-large:11.52%;--awb-margin-bottom-large:0px;--awb-spacing-left-large:11.52%;--awb-width-medium:16.666666666667%;--awb-order-medium:0;--awb-spacing-right-medium:11.52%;--awb-spacing-left-medium:11.52%;--awb-width-small:16.666666666667%;--awb-order-small:0;--awb-spacing-right-small:11.52%;--awb-spacing-left-small:11.52%;\"><div class=\"fusion-column-wrapper fusion-column-has-shadow fusion-flex-justify-content-flex-start fusion-content-layout-column\"><\/div><\/div><div class=\"fusion-layout-column fusion_builder_column fusion-builder-column-1 fusion_builder_column_2_3 2_3 fusion-flex-column\" style=\"--awb-bg-size:cover;--awb-width-large:66.666666666667%;--awb-margin-top-large:0px;--awb-spacing-right-large:2.88%;--awb-margin-bottom-large:0px;--awb-spacing-left-large:2.88%;--awb-width-medium:66.666666666667%;--awb-order-medium:0;--awb-spacing-right-medium:2.88%;--awb-spacing-left-medium:2.88%;--awb-width-small:66.666666666667%;--awb-order-small:0;--awb-spacing-right-small:2.88%;--awb-spacing-left-small:2.88%;\"><div class=\"fusion-column-wrapper fusion-column-has-shadow fusion-flex-justify-content-flex-start fusion-content-layout-column\"><div class=\"fusion-text fusion-text-1\"><p><strong>ALLGEMEINE GESCH\u00c4FTSBEDINGUNGEN<\/strong><\/p>\n<p>Pr\u00e4ambel<br \/>\nDer Auftraggeber arbeitet bei allen Belangen der Kommunikationsberatung zur Sicherung von Qualit\u00e4tsstandards nach den Vorgaben des DPRG (Deutsche Public Relations Gesellschaft)<\/p>\n<p>\u00a71 Allgemeine Bedingungen<br \/>\n1. Diese Allgemeinen Gesch\u00e4ftsbedingungen gelten f\u00fcr jede Beratung, Leistung oder Lieferung der eastside communications | Braintown GmbH (im Weiteren: eastside, eastside communications, Braintown GmbH oder die Agentur), solange diese nicht den Auftraggeber anderweitig informiert. Sie gelten f\u00fcr alle Vertragspartner (im Weiteren: Kunden), unabh\u00e4ngig, ob diese Kaufleute sind oder nicht.<br \/>\n2. Alle vom Kunden gegen\u00fcber eastside erteilten Auftr\u00e4ge werden ausschlie\u00dflich unter der Bedingung angenommen und\/oder ausgef\u00fchrt, dass die Allgemeinen Gesch\u00e4ftsbedingungen von eastside vorbehaltlos vom Kunden anerkannt wurden. Unterzeichnet ein Kunde die Allgemeinen Gesch\u00e4ftsbedingungen nicht, so ist eastside selbst f\u00fcr den Fall, dass der Auftrag bereits angenommen wurde, von der Verpflichtung zu seiner Ausf\u00fchrung frei und eastside steht ein R\u00fccktrittsrecht zu. Hieraus entstehen keinerlei Anspr\u00fcche des Kunden welcher Art auch immer gegen\u00fcber eastside, vorsorglich verzichtet der Kunde auf jegliche Geltendmachung dieser Anspr\u00fcche gegen\u00fcber eastside. eastside nimmt den Verzicht bereits jetzt an.<br \/>\n3. Durch Stillschweigen oder fehlenden Widerspruch unterwirft sich eastside communications nicht irgendwelchen Bedingungen von Kunden oder Gesch\u00e4ftspartnern, auch nicht teilweise.<br \/>\n4. Nebenabreden sowie \u00c4nderungen oder Erg\u00e4nzungen von Vertr\u00e4gen bed\u00fcrfen der Schriftform und der ausdr\u00fccklichen Best\u00e4tigung der Gesch\u00e4ftsf\u00fchrung von eastside communications.<\/p>\n<p>\u00a7 2 Geheimhaltung<br \/>\neastside communications verpflichtet sich, alle ihr im Rahmen der Zusammenarbeit mit dem Kunden zur Kenntnis gelangenden Gesch\u00e4ftsgeheimnisse mit der Sorgfalt eines ordentlichen Kauf-manns zu wahren und alle diesbez\u00fcglichen Informationen und Unterlagen vertraulich zu behandeln. Die Sorgfalts- und Verschwiegenheitspflicht w\u00e4hrt \u00fcber das Vertragsende hinaus und gilt auch, wenn eine Zusammenarbeit nicht zustande kommt.<\/p>\n<p>\u00a7 3 Sorgfalt<br \/>\neastside communications arbeitet als selbst\u00e4ndiges, unabh\u00e4ngiges Unternehmen nach treuh\u00e4nderischen Gesichtspunkten. Sie ist bem\u00fcht, entsprechend der Aufgaben und Terminvorgaben des Auftraggebers, die f\u00fcr die Erf\u00fcllung des Auftrages erforderlichen personellen und sachlichen Voraussetzungen bereitzustellen, in der Beratung absolute Objektivit\u00e4t zu wahren und die Interessen des Auftraggebers \u2013 insbesondere auch bei der Auswahl und Belauf-tragung Dritter \u2013 in jeder m\u00f6glichen Form zu vertreten.<\/p>\n<p>\u00a7 4 Mitbewerber<br \/>\neastside communications ist bereit, w\u00e4hrend der Vertragsdauer kein Produkt eines Mitbewerbers agenturm\u00e4\u00dfig zu betreuen, das zu dem diesen Vertrag betreffenden Produkt-\/Dienstleistungsbereich in direktem Wettbewerb steht. Ein Mitbewerberausschluss bedarf jedoch einer konkreten Vereinbarung.<\/p>\n<p>\u00a7 5 Angebotseinholung, Abstimmung, Haftung<br \/>\n1. Bei Auftragsdurchf\u00fchrung ist eastside communications verpflichtet, sich hinsichtlich der zu treffenden Ma\u00dfnahmen mit dem Auftraggeber abzustimmen und ihm die Entw\u00fcrfe f\u00fcr die Marketing Ma\u00dfnahmen, die eingeholten Kostenvorschl\u00e4ge und Terminpl\u00e4ne zur Bewilligung vorzulegen.<br \/>\n2. eastside communications \u00fcberwacht die ordnungsgem\u00e4\u00dfe Durchf\u00fchrung aller Ma\u00dfnahmen. Es steht im Ermessen der Agentur, f\u00fcr die Ausf\u00fchrung ihrer Grundleistungen ihr geeignet erscheinende Dritte heranzuziehen.<br \/>\nWerden von der Agentur im Zuge der Produktionsabwicklung Angebote f\u00fcr Fremdleistungen eingeholt, jedoch der Auftrag vom Kunden anderweitig vergeben, so berechnet eastside communications die f\u00fcr die Angebotseinholung aufgewendeten Leistungen nach Zeit und Kostenaufwand. Wird ein Fremdauftrag \u00fcber eastside abgewickelt, berechnet sie 15% des Auftragswertes als Bearbeitungspauschale.<br \/>\n3. F\u00fcr Auftr\u00e4ge, die im Namen und auf Rechnung des Auftraggebers erteilt werden, \u00fcbernimmt eastside communications gegen\u00fcber dem Werbungsdurchf\u00fchrenden keinerlei Haftung. eastside tritt lediglich als Mittler auf.<\/p>\n<p>\u00a7 6 Konzeption, Honorierung<br \/>\nWird eastside communications mit einer Pr\u00e4sentation beauftragt, so erkennt der Auftraggeber damit an, dass die Ausarbeitung der Konzeption angemessen zu honorieren ist. Wurde ein Honorar nicht vereinbart, so gelten die vorgelegte Preisliste der Agentur bzw. branchen\u00fcbliche Honorarforderungen. eastside communications kann in keinem Fall unverbindlich und kostenlos arbeiten, auch nicht bei Nichtverwendung der eingereichten Ausarbeitungen oder erfolgten Beratungen.<\/p>\n<p>\u00a7 7 Materialien<br \/>\n1. Der Auftraggeber verpflichtet sich, eastside communications rechtzeitig \u00fcber Art, Umfang und Zeitfolge der geforderten Leistungen zu unterrichten und ihr alle f\u00fcr die sachgem\u00e4\u00dfe Durchf\u00fchrung des Auftrags ben\u00f6tigten Informationen und Unterlagen, soweit diese ihm verf\u00fcgbar sind, fristgerecht und kostenlos zu liefern.<br \/>\n2. Der Auftraggeber verpflichtet sich, der Agentur nur zur Ver\u00f6ffentlichung oder Vervielf\u00e4ltigung freigegebene Vorlagen wie Fotos, Modelle oder sonstige Arbeitsunterlagen zu \u00fcbergeben.<\/p>\n<p>\u00a7 8 Preise<br \/>\n1. Sofern die Honorierung der Agentur nicht durch ein schriftliches Angebot geregelt ist, geschieht diese nach dem Stundensatz der Preisliste (basierend auf den aktuellen Honorars\u00e4tzen der DPRG im jeweiligen Jahr) bzw. auf der jeweils g\u00fcltigen Berechnungsgrundlage der Agentur.<br \/>\n2. Separat berechnet werden: Materialien, Reinzeichnungen und digitale Aufbereitungen, \u00dcbersetzungen, Fahrtkosten, Spesen, Organisations- und Beschaffungskosten, Nutzungsrechts-\u00dcbertragung sowie technische Kosten wie Daten\u00fcbertragung, Satz, Zwischenaufnahmen, Fotos, Fotoabz\u00fcge, Werkzeugkosten und Herstellung von Werbemitteln, Leistungen hinzugezogener Spezial-Unternehmungen (Marktforschung etc.) je nach entsprechendem Aufwand. eastside berechnet grunds\u00e4tzlich eine Kommunikationspauschale pro Monat von 35 bis 50 \u20ac pro Monat.<br \/>\n3. eastside communications ist in jedem Fall berechtigt, angemessene Abschlagszahlungen zu verlangen, deren H\u00f6he sich am Verh\u00e4ltnis zwischen der erbrachten Leistung und dem Gesamtumfang der vertraglich geschuldeten Leistung orientiert.<br \/>\n4. Kommt eine von der Agentur ausgearbeitete und vom Auftraggeber genehmigte Konzeption aus Gr\u00fcnden, die eastside communications nicht zu vertreten hat, nicht zur Durchf\u00fchrung, so bleibt der Honoraranspruch der Agentur davon unber\u00fchrt.<br \/>\n5. Der Beschaffungs-, Organisations- und \u00dcberwachungsaufwand der Agentur wird entweder durch Provisionierung durch den Lieferanten oder bei Berechnung durch eastside communications an den Auftraggeber abz\u00fcglich s\u00e4mtlicher Rabatte und Provisionen plus \u201eService-Fee\u201c getragen.<br \/>\n6. Alle Preise verstehen sich zuz\u00fcglich jeweils geltender Mehrwertsteuer.<\/p>\n<p>\u00a7 9 Auftragsannahme \u2013 Kostenvoranschl\u00e4ge<br \/>\n1. Ein der Agentur schriftlich oder m\u00fcndlich erteilter Auftrag gilt als angenommen, wenn eastside communications die \u00dcbernahme nicht innerhalb von 14 Tagen nach Auftragserteilung schriftlich ablehnt.<br \/>\n2.1. Vor Beginn jeder Kosten verursachenden Arbeit sind dem Kunden Kostenvoranschl\u00e4ge in schriftlicher Form zu unterbreiten. Kostenvoranschl\u00e4ge m\u00fcssen vom Kunden in schriftlicher Form genehmigt werden. Insbesondere gelten Kostenvorschl\u00e4ge sp\u00e4testens mit Beginn des Projekts (d.h. mit den ersten Kosten verursachenden Arbeiten von eastside) als stillschweigend genehmigt.<br \/>\n2.2. eastside communications vergibt Auftr\u00e4ge an Dritte nach Genehmigung des Kunden im Namen und f\u00fcr Rechnung des Kunden.<\/p>\n<p>\u00a7 10 Rechte<br \/>\nNutzungs- und sonstige Rechte an den eingereichten Vorschl\u00e4gen gehen nur insoweit auf den Auftraggeber \u00fcber, als dies aus der anf\u00e4nglichen Aufgabenstellung hervorgeht (Vertriebsgebiet, Auflagen, Zeitr\u00e4ume etc.), ansonsten sind sie gesondert zu regeln.<br \/>\nDer Auftraggeber haftet allein, wenn durch die Ausf\u00fchrung seines Auftrags Rechte Dritter, insbesondere Urheberrechte verletzt werden. Der Auftraggeber hat eastside communications von allen Anspr\u00fcchen Dritter wegen einer solchen Rechtsverletzung freizustellen.<\/p>\n<p>\u00a7 11 Eintragung- und Schutzf\u00e4higkeit<br \/>\nF\u00fcr die Eintragungs- und Schutzf\u00e4higkeit von Entw\u00fcrfen wird die Gew\u00e4hr seitens der Agentur nur nach besonderer Vereinbarung \u00fcbernommen.<\/p>\n<p>\u00a712 Nutzungsrechte im Angebotsstadium<br \/>\nDer Auftraggeber ist nicht berechtigt, die von der Agentur im Angebotsstadium eingereichten Vorschl\u00e4ge zu verwenden und zwar unabh\u00e4ngig davon, ob sie urheberrechtlich gesch\u00fctzt sind oder nicht. Dies gilt auch f\u00fcr eine Verwendung in abgewandelter Form oder durch Dritte.<\/p>\n<p>\u00a7 13 Haftung<br \/>\n1. Schadens- und Aufwendungsersatzanspr\u00fcche des Auftraggebers, gleich aus welchem Grund, sind ausgeschlossen.<br \/>\nDieser Haftungsausschluss gilt nicht<br \/>\n\u2013 bei vors\u00e4tzlich oder grobfahrl\u00e4ssig verursachtem Schaden,<br \/>\n\u2013 bei leicht fahrl\u00e4ssiger Verletzung wesentlicher Vertragspflichten, auch durch gesetzliche Vertreter oder Erf\u00fcllungsgehilfen von eastside communications; insoweit haftet eastside communications nur auf den nach Art des Produkts vorhersehbaren, vertragstypischen, unmittelbaren Durchschnittsschaden<br \/>\n\u2013 im Falle schuldhafter Verletzung des Lebens, des K\u00f6rpers oder der Gesundheit des Auftraggebers<br \/>\n\u2013 bei arglistig verschwiegenen M\u00e4ngeln und \u00fcbernommener Garantie f\u00fcr die Beschaffenheit der Ware<br \/>\n\u2013 bei Anspr\u00fcchen aus dem Produkthaftungsgesetz<br \/>\n2. eastside communications haftet nicht bei Nichterf\u00fcllung, Leistungsmangel oder Verzug von Werbetr\u00e4gern oder sonstigen Drittbeauftragten, die nicht ihre Erf\u00fcllungsgehilfen sind, auch nicht f\u00fcr deren vors\u00e4tzliches oder grob fahrl\u00e4ssiges Verhalten.<br \/>\n3. Terminvereinbarungen werden von der Agentur mit der allgemeinen Sorgfalt eines ordentlichen Kaufmanns beachtet. Fixgesch\u00e4fte bed\u00fcrfen einer besonderen Vereinbarung. Andernfalls ist eastside communications lediglich zur nachtr\u00e4glichen ordnungsgem\u00e4\u00dfen Leistung verpflichtet. Eine Stornierung des Auftrags ist ausgeschlossen.<br \/>\n4. Nach der Druckreiferkl\u00e4rung durch den Auftraggeber ist eastside communications von jeder Verantwortung f\u00fcr die Richtigkeit der vorgelegten Unterlagen befreit. Soweit der Auftraggeber von sich aus Korrekturen vornehmen l\u00e4sst, entf\u00e4llt jede Haftung der Agentur. Eine Haftung f\u00fcr die wettbewerbsrechtliche Unbedenklichkeit einer Ma\u00dfnahme kann nicht \u00fcbernommen werden, insbesondere ist eastside communications nicht verpflichtet, jeden Entwurf vorher juristisch \u00fcberpr\u00fcfen zu lassen.<\/p>\n<p>\u00a7 14 Recht<br \/>\n1. Mit der Zahlung des Agenturhonorars, einschlie\u00dflich der Lizenz f\u00fcr die \u00dcbertragung des Vervielf\u00e4ltigungsrechts, erwirbt der Auftraggeber nur das Recht zur Vervielf\u00e4ltigung der Arbeit im vereinbarten Umfang und zu dem vereinbarten speziellen Zweck (siehe \u00a7 15).<br \/>\n2. Geht die Verwendung \u00fcber den vereinbarten Umfang und Zweck hinaus, sind eine neuerliche Vereinbarung sowie eine zus\u00e4tzliche Honorierung erforderlich.<br \/>\n3. Auslandsrechte oder Rechte f\u00fcr weitere Auflagen gelten nicht als mit\u00fcbertragen, sofern nicht eine besondere Vereinbarung erfolgt.<\/p>\n<p>\u00a7 15 Nutzungsrecht<br \/>\nF\u00fcr alle konzeptionellen und kreativen Arbeiten (Text, Grafik, Foto, Film) wird ein zeitlich und r\u00e4umlich unbegrenztes Nutzungsrecht gew\u00e4hrt.<\/p>\n<p>\u00a7 16 Entw\u00fcrfe<br \/>\n1. Vorentw\u00fcrfe und Entw\u00fcrfe bleiben nach geltendem Urheberrecht Eigentum der Agentur und sind auf Wunsch in angemessener Frist nach Beendigung des Auftrags zur\u00fcckzugeben. F\u00fcr Besch\u00e4digung haftet der Auftraggeber.<br \/>\n2. eastside communications ist berechtigt, die von ihr gestellten Werbemittel zu signieren und in ihrer Eigenwerbung auf die Betreuung des Auftraggebers hinzuweisen.<br \/>\n3. Die nach den Richtlinien des DPRG obligatorischen Belegexemplare sind der Agentur nach Fertigstellung ohne besonderer Aufforderung zu \u00fcbergeben.<\/p>\n<p>\u00a7 17 Zahlung<br \/>\n1. Das Agenturhonorar inkl. evtl. verauslagter Kosten zuz\u00fcglich Mehrwertsteuer ist binnen 30 Tage nach Rechnungsstellung ohne Abzug mittels \u00dcberweisung zu zahlen. eastside communications kann aus gegebenem Anlass in der Rechnung einen k\u00fcrzeren Zahlungszeitraum vorgeben. Nach Ablauf dieser Frist tritt Verzug auch ohne Mahnung ein.<br \/>\n2. Bei langfristigen Vertr\u00e4gen (z.B. monatliche Pauschbetr\u00e4ge) erfolgt die Rechnungsstellung der vereinbarten Honorare im Voraus, jeweils am Anfang des Monats. Fremdkosten werden nach Aufwand nach Auftragsabwicklung bzw. am Ende eines jeden Monats abgerechnet.<br \/>\n2. Die Aufrechnung durch den Kunden ist nur mit rechtskr\u00e4ftig festgestellten Gegenforderungen zul\u00e4ssig. Im \u00dcbrigen werden Leistungsverweigerungsrechte vollumf\u00e4nglich ausgeschlossen, so sie nicht von eastside communications schriftlich anerkannt wurden. Zur\u00fcckbehaltungsrechte des Kunden sind ausgeschlossen.<br \/>\n3. Bei au\u00dfergew\u00f6hnlichen Vorleistungen kann angemessene Vorauszahlung verlangt werden.<br \/>\n4. Werbemittelrechnungen und Anzeigenrechnungen sind sofort nach \u00dcbermittlung, durch eastside communications an den Auftraggeber, rein netto f\u00e4llig.<br \/>\n5. Im Falle eines Zahlungsverzugs ist eastside communications unbeschadet aller sonstigen gesetzlichen und vertraglichen Rechte berechtigt, Verzugszinsen ab dem Tag der Rechnungsstellung in H\u00f6he von 15%, mindestens aber im H\u00f6he von 8% \u00fcber dem jeweiligen Basiszinssatz der Bundesbank zu berechnen. Zinsen sind sofort zur Zahlung f\u00e4llig. Verzug tritt ohne weitere Ank\u00fcndigung oder Mahnungen ab dem Tag der Rechnungsf\u00e4lligkeit ein, im Regelfall also nach Ablauf des 30. Tages nach Erstellung der jeweiligen Rechnung. Die Geltendmachung eines weiteren Verzugsschadens bleibt ausdr\u00fccklich vorbehalten.<\/p>\n<p>\u00a7 18 Wirksamkeit<br \/>\nDie Nichtigkeit einzelner Formulierungen dieser Allgemeinen Gesch\u00e4ftsbedingungen ber\u00fchrt nicht die Wirksamkeit im \u00dcbrigen. An die Stelle der unwirksamen Klausel tritt diejenige zul\u00e4ssige Klausel wirtschaftlich am n\u00e4chsten kommt.<\/p>\n<p>\u00a719 Handhabung von Pressemustern<br \/>\nWerden eastside communications im Rahmen der Beratungsleistung Produktmuster bereitgestellt, bleiben diese w\u00e4hrend des gesamten Zeitraums Eigentum des Auftraggebers. eastside communications haftet nicht f\u00fcr Verlust oder Besch\u00e4digung der Muster, die bei Test, Fotoaufnahmen oder im Gebrauch durch die Presse in irgendeiner Art und Weise entstehen. Eine Gegenrechnung in jedweder Art und Weise ist ausgeschlossen.<\/p>\n<p>\u00a720 Abschlie\u00dfende Bestimmungen<br \/>\n1. Rechte des Kunden aus dem Vertrag sind ohne Zustimmung von eastside communications nicht \u00fcbertragbar.<br \/>\n2. Die Unwirksamkeit einzelner Bestimmungen ber\u00fchrt die Wirksamkeit weiterer Bestimmungen oder des Vertrages im \u00dcbrigen nicht. Unwirksame Bestimmungen sind durch wirksame Bestimmungen zu ersetzen, die dem gewollten Zweck m\u00f6glichst nahe kommen, insbesondere in wirtschaftlicher Hinsicht.<\/p>\n<p>\u00a7 21 Erf\u00fcllungsort, Gerichtsstand<br \/>\nErf\u00fcllungsort und Gerichtsstand f\u00fcr Streitigkeiten aller Art aus der Gesch\u00e4ftsbeziehung zwischen eastside und dem Kunden, auch soweit sie die Wirksamkeit des Vertrages oder dieser AGBs betreffen, oder auch f\u00fcr Wechsel- und Scheckverbindlichkeiten, ist M\u00fcnchen.<\/p>\n<\/div><\/div><\/div><div class=\"fusion-layout-column fusion_builder_column fusion-builder-column-2 fusion_builder_column_1_6 1_6 fusion-flex-column\" style=\"--awb-bg-size:cover;--awb-width-large:16.666666666667%;--awb-margin-top-large:0px;--awb-spacing-right-large:11.52%;--awb-margin-bottom-large:0px;--awb-spacing-left-large:11.52%;--awb-width-medium:16.666666666667%;--awb-order-medium:0;--awb-spacing-right-medium:11.52%;--awb-spacing-left-medium:11.52%;--awb-width-small:16.666666666667%;--awb-order-small:0;--awb-spacing-right-small:11.52%;--awb-spacing-left-small:11.52%;\"><div class=\"fusion-column-wrapper fusion-column-has-shadow fusion-flex-justify-content-flex-start fusion-content-layout-column\"><\/div><\/div><\/div><\/div>\n","protected":false},"excerpt":{"rendered":"","protected":false},"author":2,"featured_media":0,"parent":0,"menu_order":0,"comment_status":"closed","ping_status":"closed","template":"","meta":{"footnotes":""},"class_list":["post-2008","page","type-page","status-publish","hentry"],"_links":{"self":[{"href":"https:\/\/eastside-story.de\/index.php\/wp-json\/wp\/v2\/pages\/2008","targetHints":{"allow":["GET"]}}],"collection":[{"href":"https:\/\/eastside-story.de\/index.php\/wp-json\/wp\/v2\/pages"}],"about":[{"href":"https:\/\/eastside-story.de\/index.php\/wp-json\/wp\/v2\/types\/page"}],"author":[{"embeddable":true,"href":"https:\/\/eastside-story.de\/index.php\/wp-json\/wp\/v2\/users\/2"}],"replies":[{"embeddable":true,"href":"https:\/\/eastside-story.de\/index.php\/wp-json\/wp\/v2\/comments?post=2008"}],"version-history":[{"count":1,"href":"https:\/\/eastside-story.de\/index.php\/wp-json\/wp\/v2\/pages\/2008\/revisions"}],"predecessor-version":[{"id":2009,"href":"https:\/\/eastside-story.de\/index.php\/wp-json\/wp\/v2\/pages\/2008\/revisions\/2009"}],"wp:attachment":[{"href":"https:\/\/eastside-story.de\/index.php\/wp-json\/wp\/v2\/media?parent=2008"}],"curies":[{"name":"wp","href":"https:\/\/api.w.org\/{rel}","templated":true}]}}